{"id":1329,"date":"2013-08-24T17:02:55","date_gmt":"2013-08-24T17:02:55","guid":{"rendered":"https:\/\/solardomagoito.pt\/solar-magoito-2\/"},"modified":"2014-12-15T18:33:06","modified_gmt":"2014-12-15T18:33:06","slug":"solar-magoito","status":"publish","type":"page","link":"https:\/\/solardomagoito.pt\/de\/solar-magoito\/","title":{"rendered":"Solar do Magoito"},"content":{"rendered":"<p>Solar do Magoito ist ein kleines Dorf mit demselben Namen (Magoito), gelegen an der K\u00fcste von Sintra im Naturpark Sintra\/Cascais. Von einer gro\u00dfen Gr\u00fcnfl\u00e4che umgeben und in seinen G\u00e4rten und in der Architektur des Hauptgeb\u00e4ude mit deutlichen Reminiszenzen an die Romantik, zeichnet sich das Solar do Magoito als eine der besten Geb\u00e4udereferenzen der ersten H\u00e4lfte des zwanzigsten Jahrhunderts an der Costa de Sintra aus. Die Einfachheit seiner Au\u00dfenarchitektur kontrastiert mit den auff\u00e4llig aristokratischen Einzelheiten im Innern des Hauptgeb\u00e4udes. In einem Aspekt zur Wiedererweckung, geben die Symbole der Fu\u00dfbodenmosaike im Hauptsaal, die Deckenmalereien und Schilder mit Wappen, wie auch die Glasmalerei, die Kacheln und Fresken, die verschiedenen Fl\u00e4chen der Innenr\u00e4ume schm\u00fccken, diesem Geb\u00e4ude eine einzigartige Ausstrahlung. Im Jahr 2005 wurde es mit der notwendigen Sorgfalt restauriert, um das Wesen der urspr\u00fcnglichen Architektur nicht zu verf\u00e4lschen und ihm zugleich den Komfort bester touristischer Einrichtungen zu geben. Und jetzt ist es ein Ort angenehmer Freizeitgestaltung und Wohlbefinden an den Ufern des Atlantiks.Durch die N\u00e4he zur Hauptstadt (Lissabon), erm\u00f6glicht das charmante Dorf Cascais zusammen mit dem romantischen Sintra (Unesco-Weltkulturerbe) ein unersch\u00f6pfliches Programm an Freizeitgestaltungen. Das historische Erbe der Region (Schl\u00f6sser, Burgen, Museen, etc.), gemeinsam mit dem k\u00fcnstlerischen und sportlichen Veranstaltungsprogramm, das das ganze Jahr \u00fcber zwischen Sintra\/Cascais\/Lissabon stattfindet, bietet Solar do Magoito ein Ort voller Charme, wo sich das Gr\u00fcn der Berge mit dem Blau des Meeres verbindet.<\/p>\n","protected":false},"excerpt":{"rendered":"<p>Solar do Magoito ist ein kleines Dorf mit demselben Namen (Magoito), gelegen an der K\u00fcste von Sintra im Naturpark Sintra\/Cascais. Von einer gro\u00dfen Gr\u00fcnfl\u00e4che umgeben und in seinen G\u00e4rten und in der Architektur des Hauptgeb\u00e4ude mit deutlichen Reminiszenzen an die Romantik, zeichnet sich das Solar do Magoito als eine der besten Geb\u00e4udereferenzen der ersten H\u00e4lfte [&hellip;]<\/p>\n","protected":false},"author":1,"featured_media":0,"parent":0,"menu_order":0,"comment_status":"open","ping_status":"open","template":"","meta":{"_acf_changed":false,"footnotes":""},"class_list":["post-1329","page","type-page","status-publish","hentry"],"acf":[],"yoast_head":"<!-- This site is optimized with the Yoast SEO plugin v27.4 - https:\/\/yoast.com\/product\/yoast-seo-wordpress\/ -->\n<title>Solar do Magoito - Solar do Magoito<\/title>\n<meta name=\"robots\" content=\"index, follow, max-snippet:-1, max-image-preview:large, max-video-preview:-1\" \/>\n<link rel=\"canonical\" href=\"https:\/\/solardomagoito.pt\/de\/solar-magoito\/\" \/>\n<meta property=\"og:locale\" content=\"de_DE\" \/>\n<meta property=\"og:type\" content=\"article\" \/>\n<meta property=\"og:title\" content=\"Solar do Magoito - Solar do Magoito\" \/>\n<meta property=\"og:description\" content=\"Solar do Magoito ist ein kleines Dorf mit demselben Namen (Magoito), gelegen an der K\u00fcste von Sintra im Naturpark Sintra\/Cascais. Von einer gro\u00dfen Gr\u00fcnfl\u00e4che umgeben und in seinen G\u00e4rten und in der Architektur des Hauptgeb\u00e4ude mit deutlichen Reminiszenzen an die Romantik, zeichnet sich das Solar do Magoito als eine der besten Geb\u00e4udereferenzen der ersten H\u00e4lfte [&hellip;]\" \/>\n<meta property=\"og:url\" content=\"https:\/\/solardomagoito.pt\/de\/solar-magoito\/\" \/>\n<meta property=\"og:site_name\" content=\"Solar do Magoito\" \/>\n<meta property=\"article:modified_time\" content=\"2014-12-15T18:33:06+00:00\" \/>\n<meta name=\"twitter:label1\" content=\"Est. reading time\" \/>\n\t<meta name=\"twitter:data1\" content=\"1 minute\" \/>\n<script type=\"application\/ld+json\" class=\"yoast-schema-graph\">{\"@context\":\"https:\\\/\\\/schema.org\",\"@graph\":[{\"@type\":\"WebPage\",\"@id\":\"https:\\\/\\\/solardomagoito.pt\\\/de\\\/solar-magoito\\\/\",\"url\":\"https:\\\/\\\/solardomagoito.pt\\\/de\\\/solar-magoito\\\/\",\"name\":\"Solar do Magoito - Solar do Magoito\",\"isPartOf\":{\"@id\":\"https:\\\/\\\/solardomagoito.pt\\\/#website\"},\"datePublished\":\"2013-08-24T17:02:55+00:00\",\"dateModified\":\"2014-12-15T18:33:06+00:00\",\"breadcrumb\":{\"@id\":\"https:\\\/\\\/solardomagoito.pt\\\/de\\\/solar-magoito\\\/#breadcrumb\"},\"inLanguage\":\"de-DE\",\"potentialAction\":[{\"@type\":\"ReadAction\",\"target\":[\"https:\\\/\\\/solardomagoito.pt\\\/de\\\/solar-magoito\\\/\"]}]},{\"@type\":\"BreadcrumbList\",\"@id\":\"https:\\\/\\\/solardomagoito.pt\\\/de\\\/solar-magoito\\\/#breadcrumb\",\"itemListElement\":[{\"@type\":\"ListItem\",\"position\":1,\"name\":\"Home\",\"item\":\"https:\\\/\\\/solardomagoito.pt\\\/\"},{\"@type\":\"ListItem\",\"position\":2,\"name\":\"Solar do Magoito\"}]},{\"@type\":\"WebSite\",\"@id\":\"https:\\\/\\\/solardomagoito.pt\\\/#website\",\"url\":\"https:\\\/\\\/solardomagoito.pt\\\/\",\"name\":\"Solar do Magoito\",\"description\":\"Turismo Rural em Sintra\",\"potentialAction\":[{\"@type\":\"SearchAction\",\"target\":{\"@type\":\"EntryPoint\",\"urlTemplate\":\"https:\\\/\\\/solardomagoito.pt\\\/?s={search_term_string}\"},\"query-input\":{\"@type\":\"PropertyValueSpecification\",\"valueRequired\":true,\"valueName\":\"search_term_string\"}}],\"inLanguage\":\"de-DE\"}]}<\/script>\n<!-- \/ Yoast SEO plugin. -->","yoast_head_json":{"title":"Solar do Magoito - Solar do Magoito","robots":{"index":"index","follow":"follow","max-snippet":"max-snippet:-1","max-image-preview":"max-image-preview:large","max-video-preview":"max-video-preview:-1"},"canonical":"https:\/\/solardomagoito.pt\/de\/solar-magoito\/","og_locale":"de_DE","og_type":"article","og_title":"Solar do Magoito - Solar do Magoito","og_description":"Solar do Magoito ist ein kleines Dorf mit demselben Namen (Magoito), gelegen an der K\u00fcste von Sintra im Naturpark Sintra\/Cascais. Von einer gro\u00dfen Gr\u00fcnfl\u00e4che umgeben und in seinen G\u00e4rten und in der Architektur des Hauptgeb\u00e4ude mit deutlichen Reminiszenzen an die Romantik, zeichnet sich das Solar do Magoito als eine der besten Geb\u00e4udereferenzen der ersten H\u00e4lfte [&hellip;]","og_url":"https:\/\/solardomagoito.pt\/de\/solar-magoito\/","og_site_name":"Solar do Magoito","article_modified_time":"2014-12-15T18:33:06+00:00","twitter_misc":{"Est. reading time":"1 minute"},"schema":{"@context":"https:\/\/schema.org","@graph":[{"@type":"WebPage","@id":"https:\/\/solardomagoito.pt\/de\/solar-magoito\/","url":"https:\/\/solardomagoito.pt\/de\/solar-magoito\/","name":"Solar do Magoito - Solar do Magoito","isPartOf":{"@id":"https:\/\/solardomagoito.pt\/#website"},"datePublished":"2013-08-24T17:02:55+00:00","dateModified":"2014-12-15T18:33:06+00:00","breadcrumb":{"@id":"https:\/\/solardomagoito.pt\/de\/solar-magoito\/#breadcrumb"},"inLanguage":"de-DE","potentialAction":[{"@type":"ReadAction","target":["https:\/\/solardomagoito.pt\/de\/solar-magoito\/"]}]},{"@type":"BreadcrumbList","@id":"https:\/\/solardomagoito.pt\/de\/solar-magoito\/#breadcrumb","itemListElement":[{"@type":"ListItem","position":1,"name":"Home","item":"https:\/\/solardomagoito.pt\/"},{"@type":"ListItem","position":2,"name":"Solar do Magoito"}]},{"@type":"WebSite","@id":"https:\/\/solardomagoito.pt\/#website","url":"https:\/\/solardomagoito.pt\/","name":"Solar do Magoito","description":"Turismo Rural em Sintra","potentialAction":[{"@type":"SearchAction","target":{"@type":"EntryPoint","urlTemplate":"https:\/\/solardomagoito.pt\/?s={search_term_string}"},"query-input":{"@type":"PropertyValueSpecification","valueRequired":true,"valueName":"search_term_string"}}],"inLanguage":"de-DE"}]}},"_links":{"self":[{"href":"https:\/\/solardomagoito.pt\/de\/wp-json\/wp\/v2\/pages\/1329","targetHints":{"allow":["GET"]}}],"collection":[{"href":"https:\/\/solardomagoito.pt\/de\/wp-json\/wp\/v2\/pages"}],"about":[{"href":"https:\/\/solardomagoito.pt\/de\/wp-json\/wp\/v2\/types\/page"}],"author":[{"embeddable":true,"href":"https:\/\/solardomagoito.pt\/de\/wp-json\/wp\/v2\/users\/1"}],"replies":[{"embeddable":true,"href":"https:\/\/solardomagoito.pt\/de\/wp-json\/wp\/v2\/comments?post=1329"}],"version-history":[{"count":2,"href":"https:\/\/solardomagoito.pt\/de\/wp-json\/wp\/v2\/pages\/1329\/revisions"}],"predecessor-version":[{"id":1413,"href":"https:\/\/solardomagoito.pt\/de\/wp-json\/wp\/v2\/pages\/1329\/revisions\/1413"}],"wp:attachment":[{"href":"https:\/\/solardomagoito.pt\/de\/wp-json\/wp\/v2\/media?parent=1329"}],"curies":[{"name":"wp","href":"https:\/\/api.w.org\/{rel}","templated":true}]}}