{"id":1338,"date":"2013-08-24T17:58:38","date_gmt":"2013-08-24T17:58:38","guid":{"rendered":"https:\/\/solardomagoito.pt\/unterkunft\/quarto-sol\/"},"modified":"2014-12-15T19:04:08","modified_gmt":"2014-12-15T19:04:08","slug":"sonnenuntergang-zimmer","status":"publish","type":"page","link":"https:\/\/solardomagoito.pt\/de\/unterkunft\/sonnenuntergang-zimmer\/","title":{"rendered":"Sonnenuntergang Zimmer"},"content":{"rendered":"<ul>\n<li>Klimaanlage\/A.C.<\/li>\n<li>Fernseher auf dem Zimmer (auf Anfrage)<\/li>\n<li>Tresor<\/li>\n<li>Maximal 2 G\u00e4ste<\/li>\n<\/ul>\n<p><strong>Gemeinschaftsr\u00e4ume<\/strong><\/p>\n<ul>\n<li>Wohnzimmer mit Kamin\/Lesen<\/li>\n<li>Spielzimmer, TV<\/li>\n<li>Internet WIFI<\/li>\n<\/ul>\n<p><strong>Alle<\/strong><strong> Au\u00dfenfl\u00e4chen<\/strong><\/p>\n<ul>\n<li>Schwimmhalle (Minibar)<\/li>\n<li>Schwimmb\u00e4der<\/li>\n<li>Tennisplatz<\/li>\n<li>G\u00e4rten<\/li>\n<li>Sehen Sie mehr im Men\u00fc Ausstattungen<\/li>\n<\/ul>\n<p>Sehen Sie die \u00dcbernachtungspreise im Men\u00fc Preise.<\/p>\n","protected":false},"excerpt":{"rendered":"<p>Klimaanlage\/A.C. Fernseher auf dem Zimmer (auf Anfrage) Tresor Maximal 2 G\u00e4ste Gemeinschaftsr\u00e4ume Wohnzimmer mit Kamin\/Lesen Spielzimmer, TV Internet WIFI Alle Au\u00dfenfl\u00e4chen Schwimmhalle (Minibar) Schwimmb\u00e4der Tennisplatz G\u00e4rten Sehen Sie mehr im Men\u00fc Ausstattungen Sehen Sie die \u00dcbernachtungspreise im Men\u00fc Preise.<\/p>\n","protected":false},"author":1,"featured_media":0,"parent":1333,"menu_order":0,"comment_status":"open","ping_status":"closed","template":"","meta":{"_acf_changed":false,"footnotes":""},"class_list":["post-1338","page","type-page","status-publish","hentry"],"acf":[],"yoast_head":"<!-- This site is optimized with the Yoast SEO plugin v27.4 - https:\/\/yoast.com\/product\/yoast-seo-wordpress\/ -->\n<title>Sonnenuntergang Zimmer - Solar do Magoito<\/title>\n<meta name=\"robots\" content=\"index, follow, max-snippet:-1, max-image-preview:large, max-video-preview:-1\" \/>\n<link rel=\"canonical\" href=\"https:\/\/solardomagoito.pt\/de\/unterkunft\/sonnenuntergang-zimmer\/\" \/>\n<meta property=\"og:locale\" content=\"de_DE\" \/>\n<meta property=\"og:type\" content=\"article\" \/>\n<meta property=\"og:title\" content=\"Sonnenuntergang Zimmer - Solar do Magoito\" \/>\n<meta property=\"og:description\" content=\"Klimaanlage\/A.C. Fernseher auf dem Zimmer (auf Anfrage) Tresor Maximal 2 G\u00e4ste Gemeinschaftsr\u00e4ume Wohnzimmer mit Kamin\/Lesen Spielzimmer, TV Internet WIFI Alle Au\u00dfenfl\u00e4chen Schwimmhalle (Minibar) Schwimmb\u00e4der Tennisplatz G\u00e4rten Sehen Sie mehr im Men\u00fc Ausstattungen Sehen Sie die \u00dcbernachtungspreise im Men\u00fc Preise.\" \/>\n<meta property=\"og:url\" content=\"https:\/\/solardomagoito.pt\/de\/unterkunft\/sonnenuntergang-zimmer\/\" \/>\n<meta property=\"og:site_name\" content=\"Solar do Magoito\" \/>\n<meta property=\"article:modified_time\" content=\"2014-12-15T19:04:08+00:00\" \/>\n<script type=\"application\/ld+json\" class=\"yoast-schema-graph\">{\"@context\":\"https:\\\/\\\/schema.org\",\"@graph\":[{\"@type\":\"WebPage\",\"@id\":\"https:\\\/\\\/solardomagoito.pt\\\/de\\\/unterkunft\\\/sonnenuntergang-zimmer\\\/\",\"url\":\"https:\\\/\\\/solardomagoito.pt\\\/de\\\/unterkunft\\\/sonnenuntergang-zimmer\\\/\",\"name\":\"Sonnenuntergang Zimmer - Solar do Magoito\",\"isPartOf\":{\"@id\":\"https:\\\/\\\/solardomagoito.pt\\\/#website\"},\"datePublished\":\"2013-08-24T17:58:38+00:00\",\"dateModified\":\"2014-12-15T19:04:08+00:00\",\"breadcrumb\":{\"@id\":\"https:\\\/\\\/solardomagoito.pt\\\/de\\\/unterkunft\\\/sonnenuntergang-zimmer\\\/#breadcrumb\"},\"inLanguage\":\"de-DE\",\"potentialAction\":[{\"@type\":\"ReadAction\",\"target\":[\"https:\\\/\\\/solardomagoito.pt\\\/de\\\/unterkunft\\\/sonnenuntergang-zimmer\\\/\"]}]},{\"@type\":\"BreadcrumbList\",\"@id\":\"https:\\\/\\\/solardomagoito.pt\\\/de\\\/unterkunft\\\/sonnenuntergang-zimmer\\\/#breadcrumb\",\"itemListElement\":[{\"@type\":\"ListItem\",\"position\":1,\"name\":\"Home\",\"item\":\"https:\\\/\\\/solardomagoito.pt\\\/\"},{\"@type\":\"ListItem\",\"position\":2,\"name\":\"Unterkunft\",\"item\":\"https:\\\/\\\/solardomagoito.pt\\\/de\\\/unterkunft\\\/\"},{\"@type\":\"ListItem\",\"position\":3,\"name\":\"Sonnenuntergang Zimmer\"}]},{\"@type\":\"WebSite\",\"@id\":\"https:\\\/\\\/solardomagoito.pt\\\/#website\",\"url\":\"https:\\\/\\\/solardomagoito.pt\\\/\",\"name\":\"Solar do Magoito\",\"description\":\"Turismo Rural em Sintra\",\"potentialAction\":[{\"@type\":\"SearchAction\",\"target\":{\"@type\":\"EntryPoint\",\"urlTemplate\":\"https:\\\/\\\/solardomagoito.pt\\\/?s={search_term_string}\"},\"query-input\":{\"@type\":\"PropertyValueSpecification\",\"valueRequired\":true,\"valueName\":\"search_term_string\"}}],\"inLanguage\":\"de-DE\"}]}<\/script>\n<!-- \/ Yoast SEO plugin. -->","yoast_head_json":{"title":"Sonnenuntergang Zimmer - Solar do Magoito","robots":{"index":"index","follow":"follow","max-snippet":"max-snippet:-1","max-image-preview":"max-image-preview:large","max-video-preview":"max-video-preview:-1"},"canonical":"https:\/\/solardomagoito.pt\/de\/unterkunft\/sonnenuntergang-zimmer\/","og_locale":"de_DE","og_type":"article","og_title":"Sonnenuntergang Zimmer - Solar do Magoito","og_description":"Klimaanlage\/A.C. Fernseher auf dem Zimmer (auf Anfrage) Tresor Maximal 2 G\u00e4ste Gemeinschaftsr\u00e4ume Wohnzimmer mit Kamin\/Lesen Spielzimmer, TV Internet WIFI Alle Au\u00dfenfl\u00e4chen Schwimmhalle (Minibar) Schwimmb\u00e4der Tennisplatz G\u00e4rten Sehen Sie mehr im Men\u00fc Ausstattungen Sehen Sie die \u00dcbernachtungspreise im Men\u00fc Preise.","og_url":"https:\/\/solardomagoito.pt\/de\/unterkunft\/sonnenuntergang-zimmer\/","og_site_name":"Solar do Magoito","article_modified_time":"2014-12-15T19:04:08+00:00","schema":{"@context":"https:\/\/schema.org","@graph":[{"@type":"WebPage","@id":"https:\/\/solardomagoito.pt\/de\/unterkunft\/sonnenuntergang-zimmer\/","url":"https:\/\/solardomagoito.pt\/de\/unterkunft\/sonnenuntergang-zimmer\/","name":"Sonnenuntergang Zimmer - Solar do Magoito","isPartOf":{"@id":"https:\/\/solardomagoito.pt\/#website"},"datePublished":"2013-08-24T17:58:38+00:00","dateModified":"2014-12-15T19:04:08+00:00","breadcrumb":{"@id":"https:\/\/solardomagoito.pt\/de\/unterkunft\/sonnenuntergang-zimmer\/#breadcrumb"},"inLanguage":"de-DE","potentialAction":[{"@type":"ReadAction","target":["https:\/\/solardomagoito.pt\/de\/unterkunft\/sonnenuntergang-zimmer\/"]}]},{"@type":"BreadcrumbList","@id":"https:\/\/solardomagoito.pt\/de\/unterkunft\/sonnenuntergang-zimmer\/#breadcrumb","itemListElement":[{"@type":"ListItem","position":1,"name":"Home","item":"https:\/\/solardomagoito.pt\/"},{"@type":"ListItem","position":2,"name":"Unterkunft","item":"https:\/\/solardomagoito.pt\/de\/unterkunft\/"},{"@type":"ListItem","position":3,"name":"Sonnenuntergang Zimmer"}]},{"@type":"WebSite","@id":"https:\/\/solardomagoito.pt\/#website","url":"https:\/\/solardomagoito.pt\/","name":"Solar do Magoito","description":"Turismo Rural em Sintra","potentialAction":[{"@type":"SearchAction","target":{"@type":"EntryPoint","urlTemplate":"https:\/\/solardomagoito.pt\/?s={search_term_string}"},"query-input":{"@type":"PropertyValueSpecification","valueRequired":true,"valueName":"search_term_string"}}],"inLanguage":"de-DE"}]}},"_links":{"self":[{"href":"https:\/\/solardomagoito.pt\/de\/wp-json\/wp\/v2\/pages\/1338","targetHints":{"allow":["GET"]}}],"collection":[{"href":"https:\/\/solardomagoito.pt\/de\/wp-json\/wp\/v2\/pages"}],"about":[{"href":"https:\/\/solardomagoito.pt\/de\/wp-json\/wp\/v2\/types\/page"}],"author":[{"embeddable":true,"href":"https:\/\/solardomagoito.pt\/de\/wp-json\/wp\/v2\/users\/1"}],"replies":[{"embeddable":true,"href":"https:\/\/solardomagoito.pt\/de\/wp-json\/wp\/v2\/comments?post=1338"}],"version-history":[{"count":1,"href":"https:\/\/solardomagoito.pt\/de\/wp-json\/wp\/v2\/pages\/1338\/revisions"}],"predecessor-version":[{"id":1417,"href":"https:\/\/solardomagoito.pt\/de\/wp-json\/wp\/v2\/pages\/1338\/revisions\/1417"}],"up":[{"embeddable":true,"href":"https:\/\/solardomagoito.pt\/de\/wp-json\/wp\/v2\/pages\/1333"}],"wp:attachment":[{"href":"https:\/\/solardomagoito.pt\/de\/wp-json\/wp\/v2\/media?parent=1338"}],"curies":[{"name":"wp","href":"https:\/\/api.w.org\/{rel}","templated":true}]}}