{"id":1341,"date":"2013-08-02T15:54:40","date_gmt":"2013-08-02T15:54:40","guid":{"rendered":"https:\/\/solardomagoito.pt\/contactos-2\/"},"modified":"2014-12-15T20:49:35","modified_gmt":"2014-12-15T20:49:35","slug":"kontakte-standort","status":"publish","type":"page","link":"https:\/\/solardomagoito.pt\/de\/kontakte-standort\/","title":{"rendered":"Kontakte | Standort"},"content":{"rendered":"<p><strong>Real Leisure &#8211; Solar do Magoito<\/strong><br \/>\nRua do Carregadouro n\u00ba 2, 2A, 2B, Magoito<br \/>\n2705-658 S. Jo\u00e3o das Lampas, Sintra<br \/>\nPortugal<\/p>\n<p><strong style=\"font-size: 13px; line-height: 19px;\">Mobil:<\/strong><span style=\"font-size: 13px; line-height: 19px;\"> +351\u00a0917 524 762 \/ +351\u00a0917 225 511\u00a0<\/span><span style=\"font-size: 13px; line-height: 19px;\"><br \/>\n<\/span><strong style=\"font-size: 13px; line-height: 19px;\">E-mail:\u00a0<\/strong><a title=\"Email\" href=\"mailto:info@real-leisure.com\">info@real-leisure.com<\/a><\/p>\n<h2>Anreise<\/h2>\n<p>Verlassen von Lissabon durch die zweite Circular, fahren Sie in Richtung Sintra, \u00fcber IC19. Vor dem Ende der IC19, fahren Sie auf die A16 und fahren Sie bei der Angabe Sintra Center.<br \/>\nFahren Sie durch zwei Kreisverkehre (2, folgen Sie den Zeichen &#8220;Str\u00e4nde&#8221;) und einmal im Dorf, kurz nach der Mitte Olga Cadaval, finden einen weiteren Kreisverkehr Angabe &#8220;Str\u00e4nde&#8221;. Folgen Sie der Beschilderung. Bl\u00e4ttern Sie in der Stra\u00dfe f\u00fcr ca. 1,5kms und biegen Sie rechts ab, nach der Anzeige V\u00e1rzea de Sintra \/ Magoito.<\/p>\n<p>Einmal in Magoito, vorbei an der Mitte des Caf\u00e9s, die zum Strand f\u00fchrt, und nehmen Sie die 3. links. Von dort aus folgen Sie den Schildern,\u00a0die Richtung des Solar do Magoito.<\/p>\n<p>\u00bb Lisboa :: 035 km<br \/>\n\u00bb Cascais :: 025 km<br \/>\n\u00bb Sintra :: 010 km<\/p>\n<p>GPS038\u00ba51&#8217;53&#8243;N0 09\u00ba26&#8217;05&#8243;W<\/p>\n","protected":false},"excerpt":{"rendered":"<p>Real Leisure &#8211; Solar do Magoito Rua do Carregadouro n\u00ba 2, 2A, 2B, Magoito 2705-658 S. Jo\u00e3o das Lampas, Sintra Portugal Mobil: +351\u00a0917 524 762 \/ +351\u00a0917 225 511\u00a0 E-mail:\u00a0info@real-leisure.com Anreise Verlassen von Lissabon durch die zweite Circular, fahren Sie in Richtung Sintra, \u00fcber IC19. Vor dem Ende der IC19, fahren Sie auf die A16 [&hellip;]<\/p>\n","protected":false},"author":1,"featured_media":0,"parent":0,"menu_order":0,"comment_status":"open","ping_status":"open","template":"templates\/contactos.php","meta":{"_acf_changed":false,"footnotes":""},"class_list":["post-1341","page","type-page","status-publish","hentry"],"acf":[],"yoast_head":"<!-- This site is optimized with the Yoast SEO plugin v27.4 - https:\/\/yoast.com\/product\/yoast-seo-wordpress\/ -->\n<title>Kontakte | Standort - Solar do Magoito<\/title>\n<meta name=\"robots\" content=\"index, follow, max-snippet:-1, max-image-preview:large, max-video-preview:-1\" \/>\n<link rel=\"canonical\" href=\"https:\/\/solardomagoito.pt\/de\/kontakte-standort\/\" \/>\n<meta property=\"og:locale\" content=\"de_DE\" \/>\n<meta property=\"og:type\" content=\"article\" \/>\n<meta property=\"og:title\" content=\"Kontakte | Standort - Solar do Magoito\" \/>\n<meta property=\"og:description\" content=\"Real Leisure &#8211; Solar do Magoito Rua do Carregadouro n\u00ba 2, 2A, 2B, Magoito 2705-658 S. Jo\u00e3o das Lampas, Sintra Portugal Mobil: +351\u00a0917 524 762 \/ +351\u00a0917 225 511\u00a0 E-mail:\u00a0info@real-leisure.com Anreise Verlassen von Lissabon durch die zweite Circular, fahren Sie in Richtung Sintra, \u00fcber IC19. Vor dem Ende der IC19, fahren Sie auf die A16 [&hellip;]\" \/>\n<meta property=\"og:url\" content=\"https:\/\/solardomagoito.pt\/de\/kontakte-standort\/\" \/>\n<meta property=\"og:site_name\" content=\"Solar do Magoito\" \/>\n<meta property=\"article:modified_time\" content=\"2014-12-15T20:49:35+00:00\" \/>\n<meta name=\"twitter:label1\" content=\"Est. reading time\" \/>\n\t<meta name=\"twitter:data1\" content=\"1 minute\" \/>\n<script type=\"application\/ld+json\" class=\"yoast-schema-graph\">{\"@context\":\"https:\\\/\\\/schema.org\",\"@graph\":[{\"@type\":\"WebPage\",\"@id\":\"https:\\\/\\\/solardomagoito.pt\\\/de\\\/kontakte-standort\\\/\",\"url\":\"https:\\\/\\\/solardomagoito.pt\\\/de\\\/kontakte-standort\\\/\",\"name\":\"Kontakte | Standort - Solar do Magoito\",\"isPartOf\":{\"@id\":\"https:\\\/\\\/solardomagoito.pt\\\/#website\"},\"datePublished\":\"2013-08-02T15:54:40+00:00\",\"dateModified\":\"2014-12-15T20:49:35+00:00\",\"breadcrumb\":{\"@id\":\"https:\\\/\\\/solardomagoito.pt\\\/de\\\/kontakte-standort\\\/#breadcrumb\"},\"inLanguage\":\"de-DE\",\"potentialAction\":[{\"@type\":\"ReadAction\",\"target\":[\"https:\\\/\\\/solardomagoito.pt\\\/de\\\/kontakte-standort\\\/\"]}]},{\"@type\":\"BreadcrumbList\",\"@id\":\"https:\\\/\\\/solardomagoito.pt\\\/de\\\/kontakte-standort\\\/#breadcrumb\",\"itemListElement\":[{\"@type\":\"ListItem\",\"position\":1,\"name\":\"Home\",\"item\":\"https:\\\/\\\/solardomagoito.pt\\\/\"},{\"@type\":\"ListItem\",\"position\":2,\"name\":\"Kontakte | Standort\"}]},{\"@type\":\"WebSite\",\"@id\":\"https:\\\/\\\/solardomagoito.pt\\\/#website\",\"url\":\"https:\\\/\\\/solardomagoito.pt\\\/\",\"name\":\"Solar do Magoito\",\"description\":\"Turismo Rural em Sintra\",\"potentialAction\":[{\"@type\":\"SearchAction\",\"target\":{\"@type\":\"EntryPoint\",\"urlTemplate\":\"https:\\\/\\\/solardomagoito.pt\\\/?s={search_term_string}\"},\"query-input\":{\"@type\":\"PropertyValueSpecification\",\"valueRequired\":true,\"valueName\":\"search_term_string\"}}],\"inLanguage\":\"de-DE\"}]}<\/script>\n<!-- \/ Yoast SEO plugin. -->","yoast_head_json":{"title":"Kontakte | Standort - Solar do Magoito","robots":{"index":"index","follow":"follow","max-snippet":"max-snippet:-1","max-image-preview":"max-image-preview:large","max-video-preview":"max-video-preview:-1"},"canonical":"https:\/\/solardomagoito.pt\/de\/kontakte-standort\/","og_locale":"de_DE","og_type":"article","og_title":"Kontakte | Standort - Solar do Magoito","og_description":"Real Leisure &#8211; Solar do Magoito Rua do Carregadouro n\u00ba 2, 2A, 2B, Magoito 2705-658 S. Jo\u00e3o das Lampas, Sintra Portugal Mobil: +351\u00a0917 524 762 \/ +351\u00a0917 225 511\u00a0 E-mail:\u00a0info@real-leisure.com Anreise Verlassen von Lissabon durch die zweite Circular, fahren Sie in Richtung Sintra, \u00fcber IC19. Vor dem Ende der IC19, fahren Sie auf die A16 [&hellip;]","og_url":"https:\/\/solardomagoito.pt\/de\/kontakte-standort\/","og_site_name":"Solar do Magoito","article_modified_time":"2014-12-15T20:49:35+00:00","twitter_misc":{"Est. reading time":"1 minute"},"schema":{"@context":"https:\/\/schema.org","@graph":[{"@type":"WebPage","@id":"https:\/\/solardomagoito.pt\/de\/kontakte-standort\/","url":"https:\/\/solardomagoito.pt\/de\/kontakte-standort\/","name":"Kontakte | Standort - Solar do Magoito","isPartOf":{"@id":"https:\/\/solardomagoito.pt\/#website"},"datePublished":"2013-08-02T15:54:40+00:00","dateModified":"2014-12-15T20:49:35+00:00","breadcrumb":{"@id":"https:\/\/solardomagoito.pt\/de\/kontakte-standort\/#breadcrumb"},"inLanguage":"de-DE","potentialAction":[{"@type":"ReadAction","target":["https:\/\/solardomagoito.pt\/de\/kontakte-standort\/"]}]},{"@type":"BreadcrumbList","@id":"https:\/\/solardomagoito.pt\/de\/kontakte-standort\/#breadcrumb","itemListElement":[{"@type":"ListItem","position":1,"name":"Home","item":"https:\/\/solardomagoito.pt\/"},{"@type":"ListItem","position":2,"name":"Kontakte | Standort"}]},{"@type":"WebSite","@id":"https:\/\/solardomagoito.pt\/#website","url":"https:\/\/solardomagoito.pt\/","name":"Solar do Magoito","description":"Turismo Rural em Sintra","potentialAction":[{"@type":"SearchAction","target":{"@type":"EntryPoint","urlTemplate":"https:\/\/solardomagoito.pt\/?s={search_term_string}"},"query-input":{"@type":"PropertyValueSpecification","valueRequired":true,"valueName":"search_term_string"}}],"inLanguage":"de-DE"}]}},"_links":{"self":[{"href":"https:\/\/solardomagoito.pt\/de\/wp-json\/wp\/v2\/pages\/1341","targetHints":{"allow":["GET"]}}],"collection":[{"href":"https:\/\/solardomagoito.pt\/de\/wp-json\/wp\/v2\/pages"}],"about":[{"href":"https:\/\/solardomagoito.pt\/de\/wp-json\/wp\/v2\/types\/page"}],"author":[{"embeddable":true,"href":"https:\/\/solardomagoito.pt\/de\/wp-json\/wp\/v2\/users\/1"}],"replies":[{"embeddable":true,"href":"https:\/\/solardomagoito.pt\/de\/wp-json\/wp\/v2\/comments?post=1341"}],"version-history":[{"count":3,"href":"https:\/\/solardomagoito.pt\/de\/wp-json\/wp\/v2\/pages\/1341\/revisions"}],"predecessor-version":[{"id":1440,"href":"https:\/\/solardomagoito.pt\/de\/wp-json\/wp\/v2\/pages\/1341\/revisions\/1440"}],"wp:attachment":[{"href":"https:\/\/solardomagoito.pt\/de\/wp-json\/wp\/v2\/media?parent=1341"}],"curies":[{"name":"wp","href":"https:\/\/api.w.org\/{rel}","templated":true}]}}