{"id":1342,"date":"2014-01-20T16:04:52","date_gmt":"2014-01-20T16:04:52","guid":{"rendered":"https:\/\/solardomagoito.pt\/facilidades-2\/"},"modified":"2020-03-24T11:31:47","modified_gmt":"2020-03-24T11:31:47","slug":"ausstattung","status":"publish","type":"page","link":"https:\/\/solardomagoito.pt\/de\/ausstattung\/","title":{"rendered":"Ausstattung"},"content":{"rendered":"<p><strong>In<\/strong><strong> den Zimmern \/ Landhaus-Suiten<\/strong><br \/>\n&#8211;\u00a0Klimaanlage (A.C. \/ Heizung)<br \/>\n&#8211;\u00a0Haartrockner und Pflegeprodukte<br \/>\n&#8211;\u00a0TV in den Landhaus- Suiten \/ in den Zimmern auf Anfrage<br \/>\n&#8211;\u00a0Mini-Bar in den Landhaus-Suiten<br \/>\n&#8211; Tresore<br \/>\n<strong>Alle<\/strong><strong> G\u00e4sten steht kostenlos zur Verf\u00fcgung<\/strong><br \/>\n&#8211;\u00a0Parkplatz<br \/>\n&#8211; Nutzung der Tennispl\u00e4tze, Schwimmb\u00e4der, Fitnessstudio, Kinderspielplatz und Spiele (Tischtennis, Billard, Karten, etc.)<br \/>\n&#8211;\u00a0\u00d6ffentliche R\u00e4ume (TV \/ Spielzimmer, Lesesaal mit Kamin, Bar Selbstbedienungssystem im Hallenbad), sowie alle Au\u00dfenr\u00e4ume<br \/>\n&#8211;\u00a0Fahrr\u00e4der und Surfbretter \/ Bodyboards stehen zur Verf\u00fcgung<br \/>\n&#8211;\u00a0Handt\u00fccher f\u00fcr den Pool \/ Sonnenschirme und Sonne<br \/>\n&#8211; Haustiere sind nach vorheriger Ank\u00fcndigung zul\u00e4ssig. Es sind auch Zwinger vorhanden<br \/>\n<strong>Sonstige Dienstleistungen<\/strong><br \/>\n&#8211;\u00a0Aktivit\u00e4ten f\u00fcr kleine Gruppen werden organisiert (Preise richten sich nach der zu organisierenden Aktivit\u00e4t)<br \/>\n&#8211; Es gibt F\u00fchrer f\u00fcr Ausfl\u00fcge und Kursleiter zum Surfen (Preise nach Vereinbarung)<\/p>\n","protected":false},"excerpt":{"rendered":"<p>In den Zimmern \/ Landhaus-Suiten &#8211;\u00a0Klimaanlage (A.C. \/ Heizung) &#8211;\u00a0Haartrockner und Pflegeprodukte &#8211;\u00a0TV in den Landhaus- Suiten \/ in den Zimmern auf Anfrage &#8211;\u00a0Mini-Bar in den Landhaus-Suiten &#8211; Tresore Alle G\u00e4sten steht kostenlos zur Verf\u00fcgung &#8211;\u00a0Parkplatz &#8211; Nutzung der Tennispl\u00e4tze, Schwimmb\u00e4der, Fitnessstudio, Kinderspielplatz und Spiele (Tischtennis, Billard, Karten, etc.) &#8211;\u00a0\u00d6ffentliche R\u00e4ume (TV \/ Spielzimmer, Lesesaal [&hellip;]<\/p>\n","protected":false},"author":1,"featured_media":0,"parent":0,"menu_order":0,"comment_status":"open","ping_status":"open","template":"","meta":{"_acf_changed":false,"footnotes":""},"class_list":["post-1342","page","type-page","status-publish","hentry"],"acf":[],"yoast_head":"<!-- This site is optimized with the Yoast SEO plugin v27.4 - https:\/\/yoast.com\/product\/yoast-seo-wordpress\/ -->\n<title>Ausstattung - Solar do Magoito<\/title>\n<meta name=\"robots\" content=\"index, follow, max-snippet:-1, max-image-preview:large, max-video-preview:-1\" \/>\n<link rel=\"canonical\" href=\"https:\/\/solardomagoito.pt\/de\/ausstattung\/\" \/>\n<meta property=\"og:locale\" content=\"de_DE\" \/>\n<meta property=\"og:type\" content=\"article\" \/>\n<meta property=\"og:title\" content=\"Ausstattung - Solar do Magoito\" \/>\n<meta property=\"og:description\" content=\"In den Zimmern \/ Landhaus-Suiten &#8211;\u00a0Klimaanlage (A.C. \/ Heizung) &#8211;\u00a0Haartrockner und Pflegeprodukte &#8211;\u00a0TV in den Landhaus- Suiten \/ in den Zimmern auf Anfrage &#8211;\u00a0Mini-Bar in den Landhaus-Suiten &#8211; Tresore Alle G\u00e4sten steht kostenlos zur Verf\u00fcgung &#8211;\u00a0Parkplatz &#8211; Nutzung der Tennispl\u00e4tze, Schwimmb\u00e4der, Fitnessstudio, Kinderspielplatz und Spiele (Tischtennis, Billard, Karten, etc.) &#8211;\u00a0\u00d6ffentliche R\u00e4ume (TV \/ Spielzimmer, Lesesaal [&hellip;]\" \/>\n<meta property=\"og:url\" content=\"https:\/\/solardomagoito.pt\/de\/ausstattung\/\" \/>\n<meta property=\"og:site_name\" content=\"Solar do Magoito\" \/>\n<meta property=\"article:modified_time\" content=\"2020-03-24T11:31:47+00:00\" \/>\n<meta name=\"twitter:label1\" content=\"Est. reading time\" \/>\n\t<meta name=\"twitter:data1\" content=\"1 minute\" \/>\n<script type=\"application\/ld+json\" class=\"yoast-schema-graph\">{\"@context\":\"https:\\\/\\\/schema.org\",\"@graph\":[{\"@type\":\"WebPage\",\"@id\":\"https:\\\/\\\/solardomagoito.pt\\\/de\\\/ausstattung\\\/\",\"url\":\"https:\\\/\\\/solardomagoito.pt\\\/de\\\/ausstattung\\\/\",\"name\":\"Ausstattung - Solar do Magoito\",\"isPartOf\":{\"@id\":\"https:\\\/\\\/solardomagoito.pt\\\/#website\"},\"datePublished\":\"2014-01-20T16:04:52+00:00\",\"dateModified\":\"2020-03-24T11:31:47+00:00\",\"breadcrumb\":{\"@id\":\"https:\\\/\\\/solardomagoito.pt\\\/de\\\/ausstattung\\\/#breadcrumb\"},\"inLanguage\":\"de-DE\",\"potentialAction\":[{\"@type\":\"ReadAction\",\"target\":[\"https:\\\/\\\/solardomagoito.pt\\\/de\\\/ausstattung\\\/\"]}]},{\"@type\":\"BreadcrumbList\",\"@id\":\"https:\\\/\\\/solardomagoito.pt\\\/de\\\/ausstattung\\\/#breadcrumb\",\"itemListElement\":[{\"@type\":\"ListItem\",\"position\":1,\"name\":\"Home\",\"item\":\"https:\\\/\\\/solardomagoito.pt\\\/\"},{\"@type\":\"ListItem\",\"position\":2,\"name\":\"Ausstattung\"}]},{\"@type\":\"WebSite\",\"@id\":\"https:\\\/\\\/solardomagoito.pt\\\/#website\",\"url\":\"https:\\\/\\\/solardomagoito.pt\\\/\",\"name\":\"Solar do Magoito\",\"description\":\"Turismo Rural em Sintra\",\"potentialAction\":[{\"@type\":\"SearchAction\",\"target\":{\"@type\":\"EntryPoint\",\"urlTemplate\":\"https:\\\/\\\/solardomagoito.pt\\\/?s={search_term_string}\"},\"query-input\":{\"@type\":\"PropertyValueSpecification\",\"valueRequired\":true,\"valueName\":\"search_term_string\"}}],\"inLanguage\":\"de-DE\"}]}<\/script>\n<!-- \/ Yoast SEO plugin. -->","yoast_head_json":{"title":"Ausstattung - Solar do Magoito","robots":{"index":"index","follow":"follow","max-snippet":"max-snippet:-1","max-image-preview":"max-image-preview:large","max-video-preview":"max-video-preview:-1"},"canonical":"https:\/\/solardomagoito.pt\/de\/ausstattung\/","og_locale":"de_DE","og_type":"article","og_title":"Ausstattung - Solar do Magoito","og_description":"In den Zimmern \/ Landhaus-Suiten &#8211;\u00a0Klimaanlage (A.C. \/ Heizung) &#8211;\u00a0Haartrockner und Pflegeprodukte &#8211;\u00a0TV in den Landhaus- Suiten \/ in den Zimmern auf Anfrage &#8211;\u00a0Mini-Bar in den Landhaus-Suiten &#8211; Tresore Alle G\u00e4sten steht kostenlos zur Verf\u00fcgung &#8211;\u00a0Parkplatz &#8211; Nutzung der Tennispl\u00e4tze, Schwimmb\u00e4der, Fitnessstudio, Kinderspielplatz und Spiele (Tischtennis, Billard, Karten, etc.) &#8211;\u00a0\u00d6ffentliche R\u00e4ume (TV \/ Spielzimmer, Lesesaal [&hellip;]","og_url":"https:\/\/solardomagoito.pt\/de\/ausstattung\/","og_site_name":"Solar do Magoito","article_modified_time":"2020-03-24T11:31:47+00:00","twitter_misc":{"Est. reading time":"1 minute"},"schema":{"@context":"https:\/\/schema.org","@graph":[{"@type":"WebPage","@id":"https:\/\/solardomagoito.pt\/de\/ausstattung\/","url":"https:\/\/solardomagoito.pt\/de\/ausstattung\/","name":"Ausstattung - Solar do Magoito","isPartOf":{"@id":"https:\/\/solardomagoito.pt\/#website"},"datePublished":"2014-01-20T16:04:52+00:00","dateModified":"2020-03-24T11:31:47+00:00","breadcrumb":{"@id":"https:\/\/solardomagoito.pt\/de\/ausstattung\/#breadcrumb"},"inLanguage":"de-DE","potentialAction":[{"@type":"ReadAction","target":["https:\/\/solardomagoito.pt\/de\/ausstattung\/"]}]},{"@type":"BreadcrumbList","@id":"https:\/\/solardomagoito.pt\/de\/ausstattung\/#breadcrumb","itemListElement":[{"@type":"ListItem","position":1,"name":"Home","item":"https:\/\/solardomagoito.pt\/"},{"@type":"ListItem","position":2,"name":"Ausstattung"}]},{"@type":"WebSite","@id":"https:\/\/solardomagoito.pt\/#website","url":"https:\/\/solardomagoito.pt\/","name":"Solar do Magoito","description":"Turismo Rural em Sintra","potentialAction":[{"@type":"SearchAction","target":{"@type":"EntryPoint","urlTemplate":"https:\/\/solardomagoito.pt\/?s={search_term_string}"},"query-input":{"@type":"PropertyValueSpecification","valueRequired":true,"valueName":"search_term_string"}}],"inLanguage":"de-DE"}]}},"_links":{"self":[{"href":"https:\/\/solardomagoito.pt\/de\/wp-json\/wp\/v2\/pages\/1342","targetHints":{"allow":["GET"]}}],"collection":[{"href":"https:\/\/solardomagoito.pt\/de\/wp-json\/wp\/v2\/pages"}],"about":[{"href":"https:\/\/solardomagoito.pt\/de\/wp-json\/wp\/v2\/types\/page"}],"author":[{"embeddable":true,"href":"https:\/\/solardomagoito.pt\/de\/wp-json\/wp\/v2\/users\/1"}],"replies":[{"embeddable":true,"href":"https:\/\/solardomagoito.pt\/de\/wp-json\/wp\/v2\/comments?post=1342"}],"version-history":[{"count":3,"href":"https:\/\/solardomagoito.pt\/de\/wp-json\/wp\/v2\/pages\/1342\/revisions"}],"predecessor-version":[{"id":1550,"href":"https:\/\/solardomagoito.pt\/de\/wp-json\/wp\/v2\/pages\/1342\/revisions\/1550"}],"wp:attachment":[{"href":"https:\/\/solardomagoito.pt\/de\/wp-json\/wp\/v2\/media?parent=1342"}],"curies":[{"name":"wp","href":"https:\/\/api.w.org\/{rel}","templated":true}]}}